{"id":13,"date":"2024-02-05T11:24:10","date_gmt":"2024-02-05T11:24:10","guid":{"rendered":"https:\/\/laptopland.ma\/?page_id=13"},"modified":"2024-02-12T09:45:07","modified_gmt":"2024-02-12T09:45:07","slug":"refund_returns","status":"publish","type":"page","link":"https:\/\/laptopland.ma\/index.php\/refund_returns\/","title":{"rendered":"Refund and Returns Policy"},"content":{"rendered":"\n<p style=\"font-size:16px\">Chez <strong>laptopland.ma<\/strong>, nous nous effor\u00e7ons de vous garantir une enti\u00e8re satisfaction avec les articles que vous recevez. C&#8217;est pourquoi nous acceptons les retours dans un d\u00e9lai de 7 jours suivant la r\u00e9ception des articles.<\/p>\n\n\n\n<p style=\"font-size:16px\"><strong>Conditions de Retour :<\/strong><\/p>\n\n\n\n<ul>\n<li style=\"font-size:16px\">Les articles retourn\u00e9s doivent \u00eatre dans leur \u00e9tat d&#8217;origine et dans leur emballage d&#8217;origine.<\/li>\n\n\n\n<li style=\"font-size:16px\">Nous vous prions de ne pas retourner d&#8217;articles directement sans nous contacter au pr\u00e9alable.<\/li>\n\n\n\n<li style=\"font-size:16px\">Les frais de retour sont \u00e0 votre charge.<\/li>\n\n\n\n<li style=\"font-size:16px\">Veuillez contacter notre service client\u00e8le afin de recevoir l&#8217;adresse de retour.<\/li>\n<\/ul>\n\n\n\n<p style=\"font-size:16px\">Votre satisfaction est notre priorit\u00e9, et nous sommes l\u00e0 pour vous aider en cas de besoin.<\/p>\n","protected":false},"excerpt":{"rendered":"<p>Chez laptopland.ma, nous nous effor\u00e7ons de vous garantir une enti\u00e8re satisfaction avec les articles que vous recevez. C&#8217;est pourquoi nous acceptons les retours dans un d\u00e9lai<span class=\"excerpt-hellip\"> [\u2026]<\/span><\/p>\n","protected":false},"author":1,"featured_media":0,"parent":0,"menu_order":0,"comment_status":"closed","ping_status":"closed","template":"","meta":{"footnotes":""},"aioseo_notices":[],"jetpack_sharing_enabled":true,"_links":{"self":[{"href":"https:\/\/laptopland.ma\/index.php\/wp-json\/wp\/v2\/pages\/13"}],"collection":[{"href":"https:\/\/laptopland.ma\/index.php\/wp-json\/wp\/v2\/pages"}],"about":[{"href":"https:\/\/laptopland.ma\/index.php\/wp-json\/wp\/v2\/types\/page"}],"author":[{"embeddable":true,"href":"https:\/\/laptopland.ma\/index.php\/wp-json\/wp\/v2\/users\/1"}],"replies":[{"embeddable":true,"href":"https:\/\/laptopland.ma\/index.php\/wp-json\/wp\/v2\/comments?post=13"}],"version-history":[{"count":3,"href":"https:\/\/laptopland.ma\/index.php\/wp-json\/wp\/v2\/pages\/13\/revisions"}],"predecessor-version":[{"id":585,"href":"https:\/\/laptopland.ma\/index.php\/wp-json\/wp\/v2\/pages\/13\/revisions\/585"}],"wp:attachment":[{"href":"https:\/\/laptopland.ma\/index.php\/wp-json\/wp\/v2\/media?parent=13"}],"curies":[{"name":"wp","href":"https:\/\/api.w.org\/{rel}","templated":true}]}}