{"id":437,"date":"2024-02-06T09:36:05","date_gmt":"2024-02-06T09:36:05","guid":{"rendered":"https:\/\/laptopland.ma\/?post_type=product&#038;p=437"},"modified":"2025-11-05T19:57:19","modified_gmt":"2025-11-05T19:57:19","slug":"surface-laptop-5-13","status":"publish","type":"product","link":"https:\/\/laptopland.ma\/index.php\/product\/surface-laptop-5-13\/","title":{"rendered":"Surface Laptop 5"},"content":{"rendered":"","protected":false},"excerpt":{"rendered":"<p>Surface Laptop 5<\/p>\n<p>\u00c9l\u00e9gant et Performant<\/p>\n<p>D\u00e9couvrez un ordinateur \u00e0 la fois \u00e9l\u00e9gant et performant. Profitez d&#8217;un design sophistiqu\u00e9 et de performances multit\u00e2ches optimales gr\u00e2ce aux processeurs Intel\u00ae Core\u2122 de 12e g\u00e9n\u00e9ration sur la plateforme Intel\u00ae Evo\u2122. B\u00e9n\u00e9ficiez d&#8217;une exp\u00e9rience sonore immersive avec Dolby Atmos\u00ae et d&#8217;une autonomie allant jusqu&#8217;\u00e0 17 heures\u00b9.<\/p>\n<p>Capturez vos id\u00e9es sur l&#8217;\u00e9cran tactile PixelSense\u2122 15&#8243; aux couleurs \u00e9clatantes. Lorsque l&#8217;inspiration vous frappe, saisissez vos pens\u00e9es sur cet \u00e9cran haute r\u00e9solution avec une colorim\u00e9trie exceptionnelle&#8230;<\/p>\n","protected":false},"featured_media":438,"template":"","meta":[],"product_cat":[126,22,91],"product_tag":[],"aioseo_notices":[],"jetpack_sharing_enabled":true,"_links":{"self":[{"href":"https:\/\/laptopland.ma\/index.php\/wp-json\/wp\/v2\/product\/437"}],"collection":[{"href":"https:\/\/laptopland.ma\/index.php\/wp-json\/wp\/v2\/product"}],"about":[{"href":"https:\/\/laptopland.ma\/index.php\/wp-json\/wp\/v2\/types\/product"}],"wp:featuredmedia":[{"embeddable":true,"href":"https:\/\/laptopland.ma\/index.php\/wp-json\/wp\/v2\/media\/438"}],"wp:attachment":[{"href":"https:\/\/laptopland.ma\/index.php\/wp-json\/wp\/v2\/media?parent=437"}],"wp:term":[{"taxonomy":"product_cat","embeddable":true,"href":"https:\/\/laptopland.ma\/index.php\/wp-json\/wp\/v2\/product_cat?post=437"},{"taxonomy":"product_tag","embeddable":true,"href":"https:\/\/laptopland.ma\/index.php\/wp-json\/wp\/v2\/product_tag?post=437"}],"curies":[{"name":"wp","href":"https:\/\/api.w.org\/{rel}","templated":true}]}}