{"id":564,"date":"2024-02-08T13:28:58","date_gmt":"2024-02-08T13:28:58","guid":{"rendered":"https:\/\/laptopland.ma\/?post_type=product&#038;p=564"},"modified":"2025-11-05T19:55:11","modified_gmt":"2025-11-05T19:55:11","slug":"gopro-hero-12","status":"publish","type":"product","link":"https:\/\/laptopland.ma\/index.php\/product\/gopro-hero-12\/","title":{"rendered":"GoPro Hero 12"},"content":{"rendered":"<p>Fiable comme une horloge suisse, GoPro profite de la rentr\u00e9e de septembre pour d\u00e9voiler sa nouvelle action cam, la GoPro Hero 12 Black. Bien qu&#8217;elle conserve l&#8217;apparence de son pr\u00e9d\u00e9cesseur, la GoPro Hero 11 Black, cette nouvelle cam\u00e9ra d\u2019action offre des am\u00e9liorations subtiles mais significatives.<\/p>\n<p>Une meilleure gestion du contre-jour La GoPro Hero 12 Black int\u00e8gre toujours le m\u00eame capteur de 27 m\u00e9gapixels que son pr\u00e9d\u00e9cesseur, capable d&#8217;enregistrer des vid\u00e9os jusqu&#8217;en 5,3K \u00e0 60p ou en 4K \u00e0 120p. Cependant, elle b\u00e9n\u00e9ficie d&#8217;une optimisation pour une meilleure gestion des situations de contre-jour, notamment avec un nouveau mode HDR permettant de conserver les d\u00e9tails dans les zones sombres et lumineuses.<\/p>\n<p>Une autonomie accrue La nouvelle Hero 12 Black offre une autonomie consid\u00e9rablement am\u00e9lior\u00e9e gr\u00e2ce \u00e0 des optimisations au niveau de l&#8217;encodage, permettant d&#8217;enregistrer jusqu&#8217;\u00e0 70 minutes en 5,3 K 60p ou 58 minutes en 4K 120p.<\/p>\n<p>Connexion Bluetooth et autres fonctionnalit\u00e9s Pour la premi\u00e8re fois, la GoPro Hero 12 Black propose une connexion Bluetooth pour des \u00e9couteurs ou un casque sans fil, ainsi que la capacit\u00e9 d&#8217;enregistrer simultan\u00e9ment le son \u00e0 partir des micros avant et arri\u00e8re. Bien qu&#8217;elle conserve le m\u00eame capteur que son pr\u00e9d\u00e9cesseur, elle offre une vari\u00e9t\u00e9 de formats de cadrage, une stabilisation am\u00e9lior\u00e9e et une compatibilit\u00e9 avec une gamme plus large d&#8217;accessoires tiers.<\/p>\n","protected":false},"excerpt":{"rendered":"<p>Fiable comme une horloge suisse, GoPro profite de la rentr\u00e9e de septembre pour d\u00e9voiler sa nouvelle action cam, la GoPro Hero 12 Black. Bien qu&#8217;elle conserve<span class=\"excerpt-hellip\"> [\u2026]<\/span><\/p>\n","protected":false},"featured_media":565,"template":"","meta":[],"product_cat":[140,139],"product_tag":[],"aioseo_notices":[],"jetpack_sharing_enabled":true,"_links":{"self":[{"href":"https:\/\/laptopland.ma\/index.php\/wp-json\/wp\/v2\/product\/564"}],"collection":[{"href":"https:\/\/laptopland.ma\/index.php\/wp-json\/wp\/v2\/product"}],"about":[{"href":"https:\/\/laptopland.ma\/index.php\/wp-json\/wp\/v2\/types\/product"}],"wp:featuredmedia":[{"embeddable":true,"href":"https:\/\/laptopland.ma\/index.php\/wp-json\/wp\/v2\/media\/565"}],"wp:attachment":[{"href":"https:\/\/laptopland.ma\/index.php\/wp-json\/wp\/v2\/media?parent=564"}],"wp:term":[{"taxonomy":"product_cat","embeddable":true,"href":"https:\/\/laptopland.ma\/index.php\/wp-json\/wp\/v2\/product_cat?post=564"},{"taxonomy":"product_tag","embeddable":true,"href":"https:\/\/laptopland.ma\/index.php\/wp-json\/wp\/v2\/product_tag?post=564"}],"curies":[{"name":"wp","href":"https:\/\/api.w.org\/{rel}","templated":true}]}}